{"id":3041,"date":"2023-02-21T11:32:26","date_gmt":"2023-02-21T09:32:26","guid":{"rendered":"https:\/\/ateliersia.ro\/contact\/"},"modified":"2023-03-07T11:40:51","modified_gmt":"2023-03-07T11:40:51","slug":"contact","status":"publish","type":"page","link":"https:\/\/www.ateliersia.ro\/ro\/contact\/","title":{"rendered":"Contact ro"},"content":{"rendered":"<style>\/*! elementor - v3.11.2 - 22-02-2023 *\/\n.elementor-heading-title{padding:0;margin:0;line-height:1}.elementor-widget-heading .elementor-heading-title[class*=elementor-size-]>a{color:inherit;font-size:inherit;line-height:inherit}.elementor-widget-heading .elementor-heading-title.elementor-size-small{font-size:15px}.elementor-widget-heading .elementor-heading-title.elementor-size-medium{font-size:19px}.elementor-widget-heading .elementor-heading-title.elementor-size-large{font-size:29px}.elementor-widget-heading .elementor-heading-title.elementor-size-xl{font-size:39px}.elementor-widget-heading .elementor-heading-title.elementor-size-xxl{font-size:59px}<\/style>\n<h2>Contact<\/h2>\n<style>\/*! elementor - v3.11.2 - 22-02-2023 *\/\n.elementor-column .elementor-spacer-inner{height:var(--spacer-size)}.e-con{--container-widget-width:100%}.e-con-inner>.elementor-widget-spacer,.e-con>.elementor-widget-spacer{width:var(--container-widget-width,var(--spacer-size));--align-self:var(--container-widget-align-self,initial);--flex-shrink:0}.e-con-inner>.elementor-widget-spacer>.elementor-widget-container,.e-con-inner>.elementor-widget-spacer>.elementor-widget-container>.elementor-spacer,.e-con>.elementor-widget-spacer>.elementor-widget-container,.e-con>.elementor-widget-spacer>.elementor-widget-container>.elementor-spacer{height:100%}.e-con-inner>.elementor-widget-spacer>.elementor-widget-container>.elementor-spacer>.elementor-spacer-inner,.e-con>.elementor-widget-spacer>.elementor-widget-container>.elementor-spacer>.elementor-spacer-inner{height:var(--container-widget-height,var(--spacer-size))}<\/style>\n<p>Pentru solicit\u0103ri, te rug\u0103m s\u0103 iei leg\u0103tura cu:<\/p>\n<p>Florina St\u0103nil\u0103<br \/><a style=\"color: #000000;\" href=\"tel:0745358428\">(+4) 0745.358.428<\/a><br \/><a style=\"color: #000000;\" href=\"mailto:florina.stanila@sia.ro\">florina.stanila@sia.ro<\/a><\/p>\n<p>Urm\u0103re\u0219te-ne pe:<\/p>\n<p><a style=\"color: #000000;\" href=\"https:\/\/www.instagram.com\/ateliersia.ro\/\">Instagram<\/a><\/p>\n<p>Urm\u0103re\u0219te-ne pe:<\/p>\n<p>Instagram<\/p>\n\n<div class=\"wpcf7 no-js\" id=\"wpcf7-f3049-o1\" lang=\"ro-RO\" dir=\"ltr\" data-wpcf7-id=\"3049\">\n<div class=\"screen-reader-response\"><p role=\"status\" aria-live=\"polite\" aria-atomic=\"true\"><\/p> <ul><\/ul><\/div>\n<form action=\"\/ro\/wp-json\/wp\/v2\/pages\/3041#wpcf7-f3049-o1\" method=\"post\" class=\"wpcf7-form init\" aria-label=\"Formular de contact\" novalidate=\"novalidate\" data-status=\"init\">\n<fieldset class=\"hidden-fields-container\"><input type=\"hidden\" name=\"_wpcf7\" value=\"3049\" \/><input type=\"hidden\" name=\"_wpcf7_version\" value=\"6.1.5\" \/><input type=\"hidden\" name=\"_wpcf7_locale\" value=\"ro_RO\" \/><input type=\"hidden\" name=\"_wpcf7_unit_tag\" value=\"wpcf7-f3049-o1\" \/><input type=\"hidden\" name=\"_wpcf7_container_post\" value=\"0\" \/><input type=\"hidden\" name=\"_wpcf7_posted_data_hash\" value=\"\" \/>\n<\/fieldset>\n<p style=\"display: none !important;\" class=\"akismet-fields-container\" data-prefix=\"_wpcf7_ak_\"><label>&#916;<textarea name=\"_wpcf7_ak_hp_textarea\" cols=\"45\" rows=\"8\" maxlength=\"100\"><\/textarea><\/label><input type=\"hidden\" id=\"ak_js_1\" name=\"_wpcf7_ak_js\" value=\"163\"\/><script>document.getElementById( \"ak_js_1\" ).setAttribute( \"value\", ( new Date() ).getTime() );<\/script><\/p><div class=\"wpcf7-response-output\" aria-hidden=\"true\"><\/div>\n<\/form>\n<\/div>\n\n","protected":false},"excerpt":{"rendered":"<p>Contact Pentru solicit\u0103ri, te rug\u0103m s\u0103 iei leg\u0103tura cu: Florina St\u0103nil\u0103(+4) 0745.358.428florina.stanila@sia.ro Urm\u0103re\u0219te-ne pe: Instagram Urm\u0103re\u0219te-ne pe: Instagram<\/p>\n","protected":false},"author":1,"featured_media":0,"parent":0,"menu_order":0,"comment_status":"closed","ping_status":"closed","template":"","meta":{"footnotes":""},"class_list":["post-3041","page","type-page","status-publish","hentry"],"_links":{"self":[{"href":"https:\/\/www.ateliersia.ro\/ro\/wp-json\/wp\/v2\/pages\/3041","targetHints":{"allow":["GET"]}}],"collection":[{"href":"https:\/\/www.ateliersia.ro\/ro\/wp-json\/wp\/v2\/pages"}],"about":[{"href":"https:\/\/www.ateliersia.ro\/ro\/wp-json\/wp\/v2\/types\/page"}],"author":[{"embeddable":true,"href":"https:\/\/www.ateliersia.ro\/ro\/wp-json\/wp\/v2\/users\/1"}],"replies":[{"embeddable":true,"href":"https:\/\/www.ateliersia.ro\/ro\/wp-json\/wp\/v2\/comments?post=3041"}],"version-history":[{"count":10,"href":"https:\/\/www.ateliersia.ro\/ro\/wp-json\/wp\/v2\/pages\/3041\/revisions"}],"predecessor-version":[{"id":3052,"href":"https:\/\/www.ateliersia.ro\/ro\/wp-json\/wp\/v2\/pages\/3041\/revisions\/3052"}],"wp:attachment":[{"href":"https:\/\/www.ateliersia.ro\/ro\/wp-json\/wp\/v2\/media?parent=3041"}],"curies":[{"name":"wp","href":"https:\/\/api.w.org\/{rel}","templated":true}]}}